{"id":15,"date":"2022-08-31T08:17:38","date_gmt":"2022-08-31T08:17:38","guid":{"rendered":"https:\/\/boquatang.biofun.vn\/?post_type=product&#038;p=15"},"modified":"2022-08-31T08:17:39","modified_gmt":"2022-08-31T08:17:39","slug":"elementor-15","status":"publish","type":"product","link":"https:\/\/boquatang.biofun.vn\/?product=elementor-15","title":{"rendered":"B\u1ed9 Qu\u00e0 T\u1eb7ng \u0110\u00f4ng Tr\u00f9ng H\u1ea1 Th\u1ea3o \u0110o\u00e0n Vi\u00ean 01"},"content":{"rendered":"<p>&nbsp;<\/p>\n<p><img loading=\"lazy\" decoding=\"async\" class=\"alignnone size-medium wp-image-25\" src=\"https:\/\/boquatang.biofun.vn\/wp-content\/uploads\/2022\/08\/qua-tang-trung-thu-dong-trung-ha-thao-biofun-doan-vien-01-300x300.jpg\" alt=\"qua-tang-trung-thu-dong-trung-ha-thao-biofun-doan-vien-01\" width=\"300\" height=\"300\" srcset=\"https:\/\/boquatang.biofun.vn\/wp-content\/uploads\/2022\/08\/qua-tang-trung-thu-dong-trung-ha-thao-biofun-doan-vien-01-300x300.jpg 300w, https:\/\/boquatang.biofun.vn\/wp-content\/uploads\/2022\/08\/qua-tang-trung-thu-dong-trung-ha-thao-biofun-doan-vien-01-1024x1024.jpg 1024w, https:\/\/boquatang.biofun.vn\/wp-content\/uploads\/2022\/08\/qua-tang-trung-thu-dong-trung-ha-thao-biofun-doan-vien-01-150x150.jpg 150w, https:\/\/boquatang.biofun.vn\/wp-content\/uploads\/2022\/08\/qua-tang-trung-thu-dong-trung-ha-thao-biofun-doan-vien-01-768x768.jpg 768w, https:\/\/boquatang.biofun.vn\/wp-content\/uploads\/2022\/08\/qua-tang-trung-thu-dong-trung-ha-thao-biofun-doan-vien-01-1536x1536.jpg 1536w, https:\/\/boquatang.biofun.vn\/wp-content\/uploads\/2022\/08\/qua-tang-trung-thu-dong-trung-ha-thao-biofun-doan-vien-01.jpg 2048w, https:\/\/boquatang.biofun.vn\/wp-content\/uploads\/2022\/08\/qua-tang-trung-thu-dong-trung-ha-thao-biofun-doan-vien-01-324x324.jpg 324w, https:\/\/boquatang.biofun.vn\/wp-content\/uploads\/2022\/08\/qua-tang-trung-thu-dong-trung-ha-thao-biofun-doan-vien-01-416x416.jpg 416w, https:\/\/boquatang.biofun.vn\/wp-content\/uploads\/2022\/08\/qua-tang-trung-thu-dong-trung-ha-thao-biofun-doan-vien-01-100x100.jpg 100w\" sizes=\"auto, (max-width: 300px) 100vw, 300px\" \/><\/p>\n<h2>asasd asdasdasdasdasd \u00e1dasdasdasd<\/h2>\n<p>asdadasdasdasdas kasldas d<\/p>\n<p>akasdasdas d<\/p>\n<p>kasdasdasdasd<\/p>\n<p>&nbsp;<\/p>\n","protected":false},"excerpt":{"rendered":"<p>asd adasd asd asd asd asd asd asd jfjgldfg sdfgslkjfk0wsjrwe g\u1eed<\/p>\n<p>wmsdklgmdfg dfg dfg dfg<\/p>\n<p>asfdmaso m0amtgf \u1ee9eg<\/p>\n<p>kajsfpomaspm \u00e1dfasdf<\/p>\n<p><img loading=\"lazy\" decoding=\"async\" class=\"alignnone size-medium wp-image-28\" src=\"https:\/\/boquatang.biofun.vn\/wp-content\/uploads\/2022\/08\/qua-tang-banh-trung-thu-dong-trung-ha-thao-02-300x225.jpg\" alt=\"\" width=\"300\" height=\"225\" srcset=\"https:\/\/boquatang.biofun.vn\/wp-content\/uploads\/2022\/08\/qua-tang-banh-trung-thu-dong-trung-ha-thao-02-300x225.jpg 300w, https:\/\/boquatang.biofun.vn\/wp-content\/uploads\/2022\/08\/qua-tang-banh-trung-thu-dong-trung-ha-thao-02-1024x768.jpg 1024w, https:\/\/boquatang.biofun.vn\/wp-content\/uploads\/2022\/08\/qua-tang-banh-trung-thu-dong-trung-ha-thao-02-768x576.jpg 768w, https:\/\/boquatang.biofun.vn\/wp-content\/uploads\/2022\/08\/qua-tang-banh-trung-thu-dong-trung-ha-thao-02-1536x1152.jpg 1536w, https:\/\/boquatang.biofun.vn\/wp-content\/uploads\/2022\/08\/qua-tang-banh-trung-thu-dong-trung-ha-thao-02-416x312.jpg 416w, https:\/\/boquatang.biofun.vn\/wp-content\/uploads\/2022\/08\/qua-tang-banh-trung-thu-dong-trung-ha-thao-02.jpg 1600w\" sizes=\"auto, (max-width: 300px) 100vw, 300px\" \/><\/p>\n","protected":false},"featured_media":25,"comment_status":"open","ping_status":"closed","template":"","meta":[],"product_cat":[15],"product_tag":[18,19,20],"class_list":{"0":"post-15","1":"product","2":"type-product","3":"status-publish","4":"has-post-thumbnail","6":"product_cat-chua-phan-loai","7":"product_tag-bo-qua-tang-dong-trung-ha-thao","8":"product_tag-qua-tang-dong-trung-ha-thao","9":"product_tag-dong-trung-ha-thao","11":"first","12":"instock","13":"taxable","14":"shipping-taxable","15":"purchasable","16":"product-type-simple"},"yoast_head":"<!-- This site is optimized with the Yoast SEO plugin v21.2 - https:\/\/yoast.com\/wordpress\/plugins\/seo\/ -->\n<title>B\u1ed9 Qu\u00e0 T\u1eb7ng \u0110\u00f4ng Tr\u00f9ng H\u1ea1 Th\u1ea3o \u0110o\u00e0n Vi\u00ean 01 - B\u1ed9 Qu\u00e0 T\u1eb7ng \u0110\u00f4ng Tr\u00f9ng H\u1ea1 Th\u1ea3o<\/title>\n<meta name=\"robots\" content=\"index, follow, max-snippet:-1, max-image-preview:large, max-video-preview:-1\" \/>\n<link rel=\"canonical\" href=\"https:\/\/boquatang.biofun.vn\/?product=elementor-15\" \/>\n<meta property=\"og:locale\" content=\"vi_VN\" \/>\n<meta property=\"og:type\" content=\"article\" \/>\n<meta property=\"og:title\" content=\"B\u1ed9 Qu\u00e0 T\u1eb7ng \u0110\u00f4ng Tr\u00f9ng H\u1ea1 Th\u1ea3o \u0110o\u00e0n Vi\u00ean 01 - B\u1ed9 Qu\u00e0 T\u1eb7ng \u0110\u00f4ng Tr\u00f9ng H\u1ea1 Th\u1ea3o\" \/>\n<meta property=\"og:description\" content=\"asd adasd asd asd asd asd asd asd jfjgldfg sdfgslkjfk0wsjrwe g\u1eed  wmsdklgmdfg dfg dfg dfg  asfdmaso m0amtgf \u1ee9eg  kajsfpomaspm \u00e1dfasdf\" \/>\n<meta property=\"og:url\" content=\"https:\/\/boquatang.biofun.vn\/?product=elementor-15\" \/>\n<meta property=\"og:site_name\" content=\"B\u1ed9 Qu\u00e0 T\u1eb7ng \u0110\u00f4ng Tr\u00f9ng H\u1ea1 Th\u1ea3o\" \/>\n<meta property=\"article:modified_time\" content=\"2022-08-31T08:17:39+00:00\" \/>\n<meta property=\"og:image\" content=\"https:\/\/boquatang.biofun.vn\/wp-content\/uploads\/2022\/08\/qua-tang-trung-thu-dong-trung-ha-thao-biofun-doan-vien-01.jpg\" \/>\n\t<meta property=\"og:image:width\" content=\"2048\" \/>\n\t<meta property=\"og:image:height\" content=\"2048\" \/>\n\t<meta property=\"og:image:type\" content=\"image\/jpeg\" \/>\n<meta name=\"twitter:card\" content=\"summary_large_image\" \/>\n<meta name=\"twitter:label1\" content=\"\u01af\u1edbc t\u00ednh th\u1eddi gian \u0111\u1ecdc\" \/>\n\t<meta name=\"twitter:data1\" content=\"1 ph\u00fat\" \/>\n<script type=\"application\/ld+json\" class=\"yoast-schema-graph\">{\"@context\":\"https:\/\/schema.org\",\"@graph\":[{\"@type\":\"WebPage\",\"@id\":\"https:\/\/boquatang.biofun.vn\/?product=elementor-15\",\"url\":\"https:\/\/boquatang.biofun.vn\/?product=elementor-15\",\"name\":\"B\u1ed9 Qu\u00e0 T\u1eb7ng \u0110\u00f4ng Tr\u00f9ng H\u1ea1 Th\u1ea3o \u0110o\u00e0n Vi\u00ean 01 - B\u1ed9 Qu\u00e0 T\u1eb7ng \u0110\u00f4ng Tr\u00f9ng H\u1ea1 Th\u1ea3o\",\"isPartOf\":{\"@id\":\"https:\/\/boquatang.biofun.vn\/#website\"},\"datePublished\":\"2022-08-31T08:17:38+00:00\",\"dateModified\":\"2022-08-31T08:17:39+00:00\",\"breadcrumb\":{\"@id\":\"https:\/\/boquatang.biofun.vn\/?product=elementor-15#breadcrumb\"},\"inLanguage\":\"vi\",\"potentialAction\":[{\"@type\":\"ReadAction\",\"target\":[\"https:\/\/boquatang.biofun.vn\/?product=elementor-15\"]}]},{\"@type\":\"BreadcrumbList\",\"@id\":\"https:\/\/boquatang.biofun.vn\/?product=elementor-15#breadcrumb\",\"itemListElement\":[{\"@type\":\"ListItem\",\"position\":1,\"name\":\"Trang ch\u1ee7\",\"item\":\"https:\/\/boquatang.biofun.vn\/\"},{\"@type\":\"ListItem\",\"position\":2,\"name\":\"C\u1eeda h\u00e0ng\",\"item\":\"https:\/\/boquatang.biofun.vn\/?page_id=6\"},{\"@type\":\"ListItem\",\"position\":3,\"name\":\"B\u1ed9 Qu\u00e0 T\u1eb7ng \u0110\u00f4ng Tr\u00f9ng H\u1ea1 Th\u1ea3o \u0110o\u00e0n Vi\u00ean 01\"}]},{\"@type\":\"WebSite\",\"@id\":\"https:\/\/boquatang.biofun.vn\/#website\",\"url\":\"https:\/\/boquatang.biofun.vn\/\",\"name\":\"B\u1ed9 Qu\u00e0 T\u1eb7ng \u0110\u00f4ng Tr\u00f9ng H\u1ea1 Th\u1ea3o\",\"description\":\"S\u1ee9c kh\u1ecfe c\u1ee7a b\u1ea1n l\u00e0 tr\u00e1ch nhi\u1ec7m c\u1ee7a ch\u00fang t\u00f4i!\",\"publisher\":{\"@id\":\"https:\/\/boquatang.biofun.vn\/#organization\"},\"potentialAction\":[{\"@type\":\"SearchAction\",\"target\":{\"@type\":\"EntryPoint\",\"urlTemplate\":\"https:\/\/boquatang.biofun.vn\/?s={search_term_string}\"},\"query-input\":\"required name=search_term_string\"}],\"inLanguage\":\"vi\"},{\"@type\":\"Organization\",\"@id\":\"https:\/\/boquatang.biofun.vn\/#organization\",\"name\":\"B\u1ed9 Qu\u00e0 T\u1eb7ng \u0110\u00f4ng Tr\u00f9ng H\u1ea1 Th\u1ea3o\",\"url\":\"https:\/\/boquatang.biofun.vn\/\",\"logo\":{\"@type\":\"ImageObject\",\"inLanguage\":\"vi\",\"@id\":\"https:\/\/boquatang.biofun.vn\/#\/schema\/logo\/image\/\",\"url\":\"https:\/\/boquatang.biofun.vn\/wp-content\/uploads\/2023\/02\/cropped-logobiofun_trang.png\",\"contentUrl\":\"https:\/\/boquatang.biofun.vn\/wp-content\/uploads\/2023\/02\/cropped-logobiofun_trang.png\",\"width\":447,\"height\":193,\"caption\":\"B\u1ed9 Qu\u00e0 T\u1eb7ng \u0110\u00f4ng Tr\u00f9ng H\u1ea1 Th\u1ea3o\"},\"image\":{\"@id\":\"https:\/\/boquatang.biofun.vn\/#\/schema\/logo\/image\/\"}}]}<\/script>\n<!-- \/ Yoast SEO plugin. -->","yoast_head_json":{"title":"B\u1ed9 Qu\u00e0 T\u1eb7ng \u0110\u00f4ng Tr\u00f9ng H\u1ea1 Th\u1ea3o \u0110o\u00e0n Vi\u00ean 01 - B\u1ed9 Qu\u00e0 T\u1eb7ng \u0110\u00f4ng Tr\u00f9ng H\u1ea1 Th\u1ea3o","robots":{"index":"index","follow":"follow","max-snippet":"max-snippet:-1","max-image-preview":"max-image-preview:large","max-video-preview":"max-video-preview:-1"},"canonical":"https:\/\/boquatang.biofun.vn\/?product=elementor-15","og_locale":"vi_VN","og_type":"article","og_title":"B\u1ed9 Qu\u00e0 T\u1eb7ng \u0110\u00f4ng Tr\u00f9ng H\u1ea1 Th\u1ea3o \u0110o\u00e0n Vi\u00ean 01 - B\u1ed9 Qu\u00e0 T\u1eb7ng \u0110\u00f4ng Tr\u00f9ng H\u1ea1 Th\u1ea3o","og_description":"asd adasd asd asd asd asd asd asd jfjgldfg sdfgslkjfk0wsjrwe g\u1eed  wmsdklgmdfg dfg dfg dfg  asfdmaso m0amtgf \u1ee9eg  kajsfpomaspm \u00e1dfasdf","og_url":"https:\/\/boquatang.biofun.vn\/?product=elementor-15","og_site_name":"B\u1ed9 Qu\u00e0 T\u1eb7ng \u0110\u00f4ng Tr\u00f9ng H\u1ea1 Th\u1ea3o","article_modified_time":"2022-08-31T08:17:39+00:00","og_image":[{"width":2048,"height":2048,"url":"https:\/\/boquatang.biofun.vn\/wp-content\/uploads\/2022\/08\/qua-tang-trung-thu-dong-trung-ha-thao-biofun-doan-vien-01.jpg","type":"image\/jpeg"}],"twitter_card":"summary_large_image","twitter_misc":{"\u01af\u1edbc t\u00ednh th\u1eddi gian \u0111\u1ecdc":"1 ph\u00fat"},"schema":{"@context":"https:\/\/schema.org","@graph":[{"@type":"WebPage","@id":"https:\/\/boquatang.biofun.vn\/?product=elementor-15","url":"https:\/\/boquatang.biofun.vn\/?product=elementor-15","name":"B\u1ed9 Qu\u00e0 T\u1eb7ng \u0110\u00f4ng Tr\u00f9ng H\u1ea1 Th\u1ea3o \u0110o\u00e0n Vi\u00ean 01 - B\u1ed9 Qu\u00e0 T\u1eb7ng \u0110\u00f4ng Tr\u00f9ng H\u1ea1 Th\u1ea3o","isPartOf":{"@id":"https:\/\/boquatang.biofun.vn\/#website"},"datePublished":"2022-08-31T08:17:38+00:00","dateModified":"2022-08-31T08:17:39+00:00","breadcrumb":{"@id":"https:\/\/boquatang.biofun.vn\/?product=elementor-15#breadcrumb"},"inLanguage":"vi","potentialAction":[{"@type":"ReadAction","target":["https:\/\/boquatang.biofun.vn\/?product=elementor-15"]}]},{"@type":"BreadcrumbList","@id":"https:\/\/boquatang.biofun.vn\/?product=elementor-15#breadcrumb","itemListElement":[{"@type":"ListItem","position":1,"name":"Trang ch\u1ee7","item":"https:\/\/boquatang.biofun.vn\/"},{"@type":"ListItem","position":2,"name":"C\u1eeda h\u00e0ng","item":"https:\/\/boquatang.biofun.vn\/?page_id=6"},{"@type":"ListItem","position":3,"name":"B\u1ed9 Qu\u00e0 T\u1eb7ng \u0110\u00f4ng Tr\u00f9ng H\u1ea1 Th\u1ea3o \u0110o\u00e0n Vi\u00ean 01"}]},{"@type":"WebSite","@id":"https:\/\/boquatang.biofun.vn\/#website","url":"https:\/\/boquatang.biofun.vn\/","name":"B\u1ed9 Qu\u00e0 T\u1eb7ng \u0110\u00f4ng Tr\u00f9ng H\u1ea1 Th\u1ea3o","description":"S\u1ee9c kh\u1ecfe c\u1ee7a b\u1ea1n l\u00e0 tr\u00e1ch nhi\u1ec7m c\u1ee7a ch\u00fang t\u00f4i!","publisher":{"@id":"https:\/\/boquatang.biofun.vn\/#organization"},"potentialAction":[{"@type":"SearchAction","target":{"@type":"EntryPoint","urlTemplate":"https:\/\/boquatang.biofun.vn\/?s={search_term_string}"},"query-input":"required name=search_term_string"}],"inLanguage":"vi"},{"@type":"Organization","@id":"https:\/\/boquatang.biofun.vn\/#organization","name":"B\u1ed9 Qu\u00e0 T\u1eb7ng \u0110\u00f4ng Tr\u00f9ng H\u1ea1 Th\u1ea3o","url":"https:\/\/boquatang.biofun.vn\/","logo":{"@type":"ImageObject","inLanguage":"vi","@id":"https:\/\/boquatang.biofun.vn\/#\/schema\/logo\/image\/","url":"https:\/\/boquatang.biofun.vn\/wp-content\/uploads\/2023\/02\/cropped-logobiofun_trang.png","contentUrl":"https:\/\/boquatang.biofun.vn\/wp-content\/uploads\/2023\/02\/cropped-logobiofun_trang.png","width":447,"height":193,"caption":"B\u1ed9 Qu\u00e0 T\u1eb7ng \u0110\u00f4ng Tr\u00f9ng H\u1ea1 Th\u1ea3o"},"image":{"@id":"https:\/\/boquatang.biofun.vn\/#\/schema\/logo\/image\/"}}]}},"_links":{"self":[{"href":"https:\/\/boquatang.biofun.vn\/index.php?rest_route=\/wp\/v2\/product\/15","targetHints":{"allow":["GET"]}}],"collection":[{"href":"https:\/\/boquatang.biofun.vn\/index.php?rest_route=\/wp\/v2\/product"}],"about":[{"href":"https:\/\/boquatang.biofun.vn\/index.php?rest_route=\/wp\/v2\/types\/product"}],"replies":[{"embeddable":true,"href":"https:\/\/boquatang.biofun.vn\/index.php?rest_route=%2Fwp%2Fv2%2Fcomments&post=15"}],"version-history":[{"count":3,"href":"https:\/\/boquatang.biofun.vn\/index.php?rest_route=\/wp\/v2\/product\/15\/revisions"}],"predecessor-version":[{"id":30,"href":"https:\/\/boquatang.biofun.vn\/index.php?rest_route=\/wp\/v2\/product\/15\/revisions\/30"}],"wp:featuredmedia":[{"embeddable":true,"href":"https:\/\/boquatang.biofun.vn\/index.php?rest_route=\/wp\/v2\/media\/25"}],"wp:attachment":[{"href":"https:\/\/boquatang.biofun.vn\/index.php?rest_route=%2Fwp%2Fv2%2Fmedia&parent=15"}],"wp:term":[{"taxonomy":"product_cat","embeddable":true,"href":"https:\/\/boquatang.biofun.vn\/index.php?rest_route=%2Fwp%2Fv2%2Fproduct_cat&post=15"},{"taxonomy":"product_tag","embeddable":true,"href":"https:\/\/boquatang.biofun.vn\/index.php?rest_route=%2Fwp%2Fv2%2Fproduct_tag&post=15"}],"curies":[{"name":"wp","href":"https:\/\/api.w.org\/{rel}","templated":true}]}}